{"id":80,"date":"2020-06-02T10:07:54","date_gmt":"2020-06-02T07:07:54","guid":{"rendered":"http:\/\/dev.sunprofile.fi\/jindustry\/?page_id=80"},"modified":"2025-04-01T09:18:47","modified_gmt":"2025-04-01T06:18:47","slug":"viited","status":"publish","type":"page","link":"https:\/\/www.jindustry.fi\/et\/viited\/","title":{"rendered":"Viited"},"content":{"rendered":"<div class=\"wpb-content-wrapper\"><p>[vc_row heading_color=&#8221;dark&#8221; font_color=&#8221;#000000&#8243; padding_top=&#8221;20px&#8221; padding_bottom=&#8221;60px&#8221; margin_bottom=&#8221;0px&#8221;][vc_column width=&#8221;1\/6&#8243;][\/vc_column][vc_column width=&#8221;2\/3&#8243;][vc_row_inner][vc_column_inner width=&#8221;1\/2&#8243;][vc_column_text]<\/p>\n<h3>PABER\/MASSIT\u00d6\u00d6STUS<\/h3>\n<ul>\n<li>Jujo Thermal<\/li>\n<li>Mets\u00e4 Board<\/li>\n<li>Mets\u00e4 Fibre<\/li>\n<li>Stora Enso Oyj<\/li>\n<li>Tervakoski<\/li>\n<li>UPM-Kymmene Oyj<\/li>\n<\/ul>\n<h3>KEEMIAT\u00d6\u00d6STUS<\/h3>\n<ul>\n<li>Arizona Chemical<\/li>\n<li>Cabb Chenicals<\/li>\n<li>Eka Chemical<\/li>\n<li>Freebort Cobalt<\/li>\n<li>Kraton Chemical<\/li>\n<li>Tikkurila Oy<\/li>\n<\/ul>\n<h3>METALLIT\u00d6\u00d6STUS<\/h3>\n<ul>\n<li>Boliden<\/li>\n<li>Okmetic<\/li>\n<li>Outokumpu Chrome<\/li>\n<li>Outokumpu Stainless<\/li>\n<li>SSAB<\/li>\n<li>Valmet Technologies<\/li>\n<\/ul>\n<h3>HOOLDUSFIRMAST<\/h3>\n<ul>\n<li>ABB Service<\/li>\n<li>Caverion<\/li>\n<li>Efora<\/li>\n<li>Jukkola Systems<\/li>\n<li>Quant Finland<\/li>\n<\/ul>\n<p>[\/vc_column_text][\/vc_column_inner][vc_column_inner width=&#8221;1\/2&#8243;][vc_column_text]<\/p>\n<h3>TOIDUT\u00d6\u00d6STUS<\/h3>\n<ul>\n<li>Danisco Sweeteners<\/li>\n<li>Fazer Makeiset<\/li>\n<li>Juustoportti<\/li>\n<li>Raisio Oyj<\/li>\n<li>Saarioinen<\/li>\n<li>Valio Oyj<\/li>\n<\/ul>\n<h3>ELEKTRIJAAM<\/h3>\n<ul>\n<li>Fortum Power and Heat<\/li>\n<li>Fortum Waste Solutions<\/li>\n<li>Helen<\/li>\n<li>Turun Seudeun Energia<\/li>\n<li>Teollisuuden Voima<\/li>\n<li>Vantaan Energia<\/li>\n<\/ul>\n<h3>T\u00d6\u00d6STUSES HULGIMAJA<\/h3>\n<ul>\n<li>Ahlsell<\/li>\n<li>Etra<\/li>\n<li>LSK Technology<\/li>\n<li>Onninen<\/li>\n<li>SLO<\/li>\n<li>Tools Finland<\/li>\n<\/ul>\n<h3>MUU T\u00d6\u00d6STUS<\/h3>\n<ul>\n<li>Amcor Flexibles<\/li>\n<li>Delete Finland<\/li>\n<li>Lassila &amp; Tikanoja<\/li>\n<li>Thermo Fischer Scientific<\/li>\n<li>VR-Yhtym\u00e4<\/li>\n<\/ul>\n<p>[\/vc_column_text][\/vc_column_inner][\/vc_row_inner][\/vc_column][vc_column width=&#8221;1\/6&#8243;][\/vc_column][\/vc_row][vc_row heading_color=&#8221;light&#8221; bg_type=&#8221;color&#8221; bg_color=&#8221;#153378&#8243; font_color=&#8221;#ffffff&#8221; padding_top=&#8221;40px&#8221; padding_bottom=&#8221;60px&#8221; margin_bottom=&#8221;0px&#8221;][vc_column width=&#8221;1\/6&#8243;][\/vc_column][vc_column width=&#8221;2\/3&#8243;][vc_column_text]<\/p>\n<h2 style=\"text-align: center;\"><strong>T\u00d6\u00d6STUSE TEENINDUS<\/strong><\/h2>\n<p style=\"text-align: center;\"><strong>Jindustry Oy pakub ettev\u00f5tetele hooldusteenust, importides varuosi ning masinaid ja seadmeid otse Kesk-Euroopast. Impordime kogu maailmas tuntud tootjate komponente l\u00e4bi oma Saksamaal asuva ostukeskuse. Originaalvaruosade taskukohasus, varustuskindlus ja tootevaliku ulatus on meie klientidele pakutavad eelised.<\/strong><\/p>\n<p>[\/vc_column_text][\/vc_column][vc_column width=&#8221;1\/6&#8243;][\/vc_column][\/vc_row][vc_row][vc_column]<div class=\"templatera_shortcode\"><div id=\"yhteystiedot\" class=\"grve-section\" data-section-title=\"\" data-section-type=\"fullwidth-background\" data-image-type=\"none\" data-full-height=\"no\"  style=\"color:#000000;padding-top: 40px;padding-bottom: 60px;margin-bottom: 0px;\"><div class=\"grve-row grve-bookmark\"><div class=\"wpb_column grve-column grve-bookmark grve-column-1-12\"><\/div><div class=\"wpb_column grve-column grve-bookmark grve-column-5-6\"><div class=\"grve-element grve-text\"><h2 style=\"text-align: center;\">KONTAKT<\/h2>\n<p style=\"text-align: center;\">Pakkumiste ja tellimuste p\u00e4ringuid saab saata ka <strong><a href=\"mailto:tilaukset@jindustry.fi\">tilaukset@jindustry.fi<\/a><\/strong><\/p>\n<\/div><div class=\"grve-row grve-bookmark\"><div class=\"wpb_column grve-column grve-bookmark grve-column-1-6 grve-tablet-column-1-12 grve-tablet-sm-column-1-12 grve-mobile-column-hide\"><\/div><div class=\"wpb_column grve-column grve-bookmark grve-column-1-3 grve-tablet-column-5-12 grve-tablet-sm-column-5-12\"><div class=\"grve-element grve-image custom-product-image grve-align-center\" style=\"\"><img loading=\"lazy\" decoding=\"async\" width=\"246\" height=\"246\" src=\"https:\/\/www.jindustry.fi\/et\/wp-content\/uploads\/sites\/5\/2021\/06\/mika-lenkkeri.png\" class=\"attachment-full size-full\" alt=\"\" srcset=\"https:\/\/www.jindustry.fi\/et\/wp-content\/uploads\/sites\/5\/2021\/06\/mika-lenkkeri.png 246w, https:\/\/www.jindustry.fi\/et\/wp-content\/uploads\/sites\/5\/2021\/06\/mika-lenkkeri-150x150.png 150w, https:\/\/www.jindustry.fi\/et\/wp-content\/uploads\/sites\/5\/2021\/06\/mika-lenkkeri-80x80.png 80w\" sizes=\"auto, (max-width: 246px) 100vw, 246px\" \/><\/div><div class=\"grve-element grve-text\"><p style=\"text-align: center;\"><strong>Mika Lenkkeri<br \/>\n<\/strong>Sales<strong><br \/>\n<\/strong><a href=\"mailto:mika.lenkkeri@jindustry.fi\">mika.lenkkeri@jindustry.fi<\/a><strong><br \/>\n<\/strong>Tel <a href=\"tel:+358207191022\">+358 207 191 022<\/a><\/p>\n<\/div><\/div><div class=\"wpb_column grve-column grve-bookmark grve-column-1-3 grve-tablet-column-5-12 grve-tablet-sm-column-5-12\"><div class=\"grve-element grve-image custom-product-image grve-align-center\" style=\"\"><img loading=\"lazy\" decoding=\"async\" width=\"246\" height=\"246\" src=\"https:\/\/www.jindustry.fi\/et\/wp-content\/uploads\/sites\/5\/2022\/06\/placeholder-woman.png\" class=\"attachment-full size-full\" alt=\"\" srcset=\"https:\/\/www.jindustry.fi\/et\/wp-content\/uploads\/sites\/5\/2022\/06\/placeholder-woman.png 246w, https:\/\/www.jindustry.fi\/et\/wp-content\/uploads\/sites\/5\/2022\/06\/placeholder-woman-150x150.png 150w, https:\/\/www.jindustry.fi\/et\/wp-content\/uploads\/sites\/5\/2022\/06\/placeholder-woman-80x80.png 80w\" sizes=\"auto, (max-width: 246px) 100vw, 246px\" \/><\/div><div class=\"grve-element grve-text\"><p style=\"text-align: center;\"><strong>Lotta Lenkkeri<br \/>\n<\/strong>Sales support<br \/>\n<a href=\"mailto:lotta.lenkkeri@jindustry.fi\">lotta.lenkkeri@jindustry.fi<\/a><strong><br \/>\n<\/strong>Tel <a href=\"tel:+358207191026\">+358 207 191 026<\/a><\/p>\n<\/div><\/div><div class=\"wpb_column grve-column grve-bookmark grve-column-1-6 grve-tablet-column-1-12 grve-tablet-sm-column-1-12 grve-mobile-column-hide\"><\/div><\/div><div class=\"grve-row grve-bookmark\"><div class=\"wpb_column grve-column grve-bookmark grve-column-1-6 grve-tablet-column-1-12 grve-tablet-sm-column-1-12 grve-mobile-column-hide\"><\/div><div class=\"wpb_column grve-column grve-bookmark grve-column-1-3 grve-tablet-column-5-12 grve-tablet-sm-column-5-12\"><div class=\"grve-element grve-image custom-product-image grve-align-center\" style=\"\"><img loading=\"lazy\" decoding=\"async\" width=\"246\" height=\"246\" src=\"https:\/\/www.jindustry.fi\/et\/wp-content\/uploads\/sites\/5\/2022\/02\/jindustry-kubbenkatu-3.png\" class=\"attachment-full size-full\" alt=\"Jindustry Oy Kubbenkatu 3 49400 Hamina Finland\" srcset=\"https:\/\/www.jindustry.fi\/et\/wp-content\/uploads\/sites\/5\/2022\/02\/jindustry-kubbenkatu-3.png 246w, https:\/\/www.jindustry.fi\/et\/wp-content\/uploads\/sites\/5\/2022\/02\/jindustry-kubbenkatu-3-150x150.png 150w, https:\/\/www.jindustry.fi\/et\/wp-content\/uploads\/sites\/5\/2022\/02\/jindustry-kubbenkatu-3-80x80.png 80w\" sizes=\"auto, (max-width: 246px) 100vw, 246px\" \/><\/div><div class=\"grve-element grve-text\"><p style=\"text-align: center;\"><strong>Jindustry Oy<\/strong><br \/>\nPL 4<br \/>\n49401 Hamina<br \/>\nSoome<br \/>\nTel <a href=\"tel:+358207191020\">+358 207 191 020<\/a><\/p>\n<\/div><\/div><div class=\"wpb_column grve-column grve-bookmark grve-column-1-3 grve-tablet-column-5-12 grve-tablet-sm-column-5-12\"><div class=\"grve-element grve-image custom-product-image grve-align-center\" style=\"\"><img loading=\"lazy\" decoding=\"async\" width=\"246\" height=\"246\" src=\"https:\/\/www.jindustry.fi\/et\/wp-content\/uploads\/sites\/5\/2020\/05\/jindustry-saksa.jpg\" class=\"attachment-full size-full\" alt=\"\" srcset=\"https:\/\/www.jindustry.fi\/et\/wp-content\/uploads\/sites\/5\/2020\/05\/jindustry-saksa.jpg 246w, https:\/\/www.jindustry.fi\/et\/wp-content\/uploads\/sites\/5\/2020\/05\/jindustry-saksa-150x150.jpg 150w, https:\/\/www.jindustry.fi\/et\/wp-content\/uploads\/sites\/5\/2020\/05\/jindustry-saksa-80x80.jpg 80w\" sizes=\"auto, (max-width: 246px) 100vw, 246px\" \/><\/div><div class=\"grve-element grve-text\"><p style=\"text-align: center;\"><strong>Jindustry GmbH<\/strong><br \/>\nHochstadenstrasse 144<br \/>\nD-41189 M\u00f6nchengladbach<br \/>\n<a href=\"mailto:info@jindustry.de\">info@jindustry.de<\/a><br \/>\nTel <a href=\"tel:+49 2166 950367\">+49 2166 950367<\/a><\/p>\n<\/div><\/div><div class=\"wpb_column grve-column grve-bookmark grve-column-1-6 grve-tablet-column-1-12 grve-tablet-sm-column-1-12 grve-mobile-column-hide\"><\/div><\/div><\/div><div class=\"wpb_column grve-column grve-bookmark grve-column-1-12\"><\/div> <\/div><div class=\"grve-background-wrapper\"><\/div><\/div><\/div>[\/vc_column][\/vc_row][vc_row heading_color=&#8221;light&#8221; bg_type=&#8221;color&#8221; footer_feature=&#8221;yes&#8221; bg_color=&#8221;#153378&#8243; padding_top=&#8221;40px&#8221; padding_bottom=&#8221;60px&#8221; margin_bottom=&#8221;0px&#8221; font_color=&#8221;#ffffff&#8221;][vc_column width=&#8221;1\/12&#8243;][\/vc_column][vc_column width=&#8221;5\/6&#8243;][vc_column_text]<\/p>\n<h2 style=\"text-align: center;\">V\u00d5TKE \u00dcHENDUST<\/h2>\n<p style=\"text-align: center;\">K\u00fcsige hinnapakkumist v\u00f5i lisateavet meie toodete v\u00f5i teenuste kohta<\/p>\n<p>[\/vc_column_text]\n<div class=\"wpcf7 no-js\" id=\"wpcf7-f5-o1\" lang=\"fi\" dir=\"ltr\" data-wpcf7-id=\"5\">\n<div class=\"screen-reader-response\"><p role=\"status\" aria-live=\"polite\" aria-atomic=\"true\"><\/p> <ul><\/ul><\/div>\n<form action=\"\/et\/wp-json\/wp\/v2\/pages\/80#wpcf7-f5-o1\" method=\"post\" class=\"wpcf7-form init\" aria-label=\"Yhteydenottolomake\" novalidate=\"novalidate\" data-status=\"init\">\n<fieldset class=\"hidden-fields-container\"><input type=\"hidden\" name=\"_wpcf7\" value=\"5\" \/><input type=\"hidden\" name=\"_wpcf7_version\" value=\"6.1.5\" \/><input type=\"hidden\" name=\"_wpcf7_locale\" value=\"fi\" \/><input type=\"hidden\" name=\"_wpcf7_unit_tag\" value=\"wpcf7-f5-o1\" \/><input type=\"hidden\" name=\"_wpcf7_container_post\" value=\"0\" \/><input type=\"hidden\" name=\"_wpcf7_posted_data_hash\" value=\"\" \/><input type=\"hidden\" name=\"_wpcf7_recaptcha_response\" value=\"\" \/>\n<\/fieldset>\n<div class=\"custom-form-row\">\n\t<div class=\"custom-short-field\">\n\t\t<p><label><span class=\"wpcf7-form-control-wrap\" data-name=\"your-name\"><input size=\"40\" maxlength=\"400\" class=\"wpcf7-form-control wpcf7-text wpcf7-validates-as-required\" aria-required=\"true\" aria-invalid=\"false\" placeholder=\"Nimi*\" value=\"\" type=\"text\" name=\"your-name\" \/><\/span> <\/label>\n\t\t<\/p>\n\t<\/div>\n\t<div class=\"custom-short-field\">\n\t\t<p><label> <span class=\"wpcf7-form-control-wrap\" data-name=\"your-email\"><input size=\"40\" maxlength=\"400\" class=\"wpcf7-form-control wpcf7-email wpcf7-validates-as-required wpcf7-text wpcf7-validates-as-email\" aria-required=\"true\" aria-invalid=\"false\" placeholder=\"E-posti aadress*\" value=\"\" type=\"email\" name=\"your-email\" \/><\/span> <\/label>\n\t\t<\/p>\n\t<\/div>\n\t<div class=\"custom-short-field\">\n\t\t<p><label> <span class=\"wpcf7-form-control-wrap\" data-name=\"your-phone\"><input size=\"40\" maxlength=\"400\" class=\"wpcf7-form-control wpcf7-text wpcf7-validates-as-required\" aria-required=\"true\" aria-invalid=\"false\" placeholder=\"Telefoninumber*\" value=\"\" type=\"text\" name=\"your-phone\" \/><\/span> <\/label>\n\t\t<\/p>\n\t<\/div>\n\t<div class=\"clear\">\n\t<\/div>\n<\/div>\n<div class=\"custom-full-field\">\n\t<p><label> <span class=\"wpcf7-form-control-wrap\" data-name=\"your-message\"><textarea cols=\"40\" rows=\"10\" maxlength=\"2000\" class=\"wpcf7-form-control wpcf7-textarea\" aria-invalid=\"false\" placeholder=\"Teade\" name=\"your-message\"><\/textarea><\/span> <\/label>\n\t<\/p>\n<\/div>\n<div class=\"custom-btn-area\">\n\t<p><input class=\"wpcf7-form-control wpcf7-submit has-spinner\" type=\"submit\" value=\"SAADA\" \/>\n\t<\/p>\n<\/div><input type='hidden' class='wpcf7-pum' value='{\"closepopup\":false,\"closedelay\":0,\"openpopup\":false,\"openpopup_id\":0}' \/><div class=\"wpcf7-response-output\" aria-hidden=\"true\"><\/div>\n<\/form>\n<\/div>\n[\/vc_column][vc_column width=&#8221;1\/12&#8243;][\/vc_column][\/vc_row]<\/p>\n<\/div>","protected":false},"excerpt":{"rendered":"PABER\/MASSIT\u00d6\u00d6STUS Jujo Thermal Mets\u00e4 Board Mets\u00e4 Fibre Stora Enso Oyj Tervakoski UPM-Kymmene Oyj KEEMIAT\u00d6\u00d6STUS Arizona Chemical Cabb Chenicals Eka Chemical Freebort Cobalt Kraton Chemical Tikkurila Oy METALLIT\u00d6\u00d6STUS Boliden Okmetic Outokumpu Chrome Outokumpu Stainless SSAB Valmet Technologies HOOLDUSFIRMAST ABB Service Caverion Efora Jukkola Systems Quant Finland TOIDUT\u00d6\u00d6STUS Danisco Sweeteners Fazer Makeiset Juustoportti Raisio Oyj Saarioinen Valio [...]","protected":false},"author":1,"featured_media":0,"parent":0,"menu_order":880,"comment_status":"closed","ping_status":"closed","template":"","meta":{"_improvement_type_select":"improve_an_existing","_thumb_yes_seoaic":false,"_frame_yes_seoaic":false,"seoaic_generate_description":"","seoaic_improve_instructions_prompt":"","seoaic_rollback_content_improvement":"","seoaic_idea_thumbnail_generator":"","thumbnail_generated":false,"thumbnail_generate_prompt":"","seoaic_article_description":"","footnotes":""},"class_list":["post-80","page","type-page","status-publish","hentry"],"yoast_head":"<!-- This site is optimized with the Yoast SEO plugin v27.3 - https:\/\/yoast.com\/product\/yoast-seo-wordpress\/ -->\n<title>Viited - Jindustry ET<\/title>\n<meta name=\"description\" content=\"Jindustry Oy pakub ettev\u00f5tetele hooldusteenust, importides varuosi ning masinaid ja seadmeid otse Kesk-Euroopast - Viited.\" \/>\n<meta name=\"robots\" content=\"index, follow, max-snippet:-1, max-image-preview:large, max-video-preview:-1\" \/>\n<link rel=\"canonical\" href=\"https:\/\/www.jindustry.fi\/et\/viited\/\" \/>\n<meta property=\"og:locale\" content=\"fi_FI\" \/>\n<meta property=\"og:type\" content=\"article\" \/>\n<meta property=\"og:title\" content=\"Viited - Jindustry ET\" \/>\n<meta property=\"og:description\" content=\"Jindustry Oy pakub ettev\u00f5tetele hooldusteenust, importides varuosi ning masinaid ja seadmeid otse Kesk-Euroopast - Viited.\" \/>\n<meta property=\"og:url\" content=\"https:\/\/www.jindustry.fi\/et\/viited\/\" \/>\n<meta property=\"og:site_name\" content=\"Jindustry ET\" \/>\n<meta property=\"article:modified_time\" content=\"2025-04-01T06:18:47+00:00\" \/>\n<meta name=\"twitter:card\" content=\"summary_large_image\" \/>\n<meta name=\"twitter:label1\" content=\"Arvioitu lukuaika\" \/>\n\t<meta name=\"twitter:data1\" content=\"2 minuuttia\" \/>\n<script type=\"application\/ld+json\" class=\"yoast-schema-graph\">{\"@context\":\"https:\\\/\\\/schema.org\",\"@graph\":[{\"@type\":\"WebPage\",\"@id\":\"https:\\\/\\\/www.jindustry.fi\\\/et\\\/viited\\\/\",\"url\":\"https:\\\/\\\/www.jindustry.fi\\\/et\\\/viited\\\/\",\"name\":\"Viited - Jindustry ET\",\"isPartOf\":{\"@id\":\"https:\\\/\\\/www.jindustry.fi\\\/et\\\/#website\"},\"datePublished\":\"2020-06-02T07:07:54+00:00\",\"dateModified\":\"2025-04-01T06:18:47+00:00\",\"description\":\"Jindustry Oy pakub ettev\u00f5tetele hooldusteenust, importides varuosi ning masinaid ja seadmeid otse Kesk-Euroopast - Viited.\",\"breadcrumb\":{\"@id\":\"https:\\\/\\\/www.jindustry.fi\\\/et\\\/viited\\\/#breadcrumb\"},\"inLanguage\":\"fi\",\"potentialAction\":[{\"@type\":\"ReadAction\",\"target\":[\"https:\\\/\\\/www.jindustry.fi\\\/et\\\/viited\\\/\"]}]},{\"@type\":\"BreadcrumbList\",\"@id\":\"https:\\\/\\\/www.jindustry.fi\\\/et\\\/viited\\\/#breadcrumb\",\"itemListElement\":[{\"@type\":\"ListItem\",\"position\":1,\"name\":\"Home\",\"item\":\"https:\\\/\\\/www.jindustry.fi\\\/et\\\/\"},{\"@type\":\"ListItem\",\"position\":2,\"name\":\"Viited\"}]},{\"@type\":\"WebSite\",\"@id\":\"https:\\\/\\\/www.jindustry.fi\\\/et\\\/#website\",\"url\":\"https:\\\/\\\/www.jindustry.fi\\\/et\\\/\",\"name\":\"Jindustry ET\",\"description\":\"Teollisuuden palvelija\",\"publisher\":{\"@id\":\"https:\\\/\\\/www.jindustry.fi\\\/et\\\/#organization\"},\"potentialAction\":[{\"@type\":\"SearchAction\",\"target\":{\"@type\":\"EntryPoint\",\"urlTemplate\":\"https:\\\/\\\/www.jindustry.fi\\\/et\\\/?s={search_term_string}\"},\"query-input\":{\"@type\":\"PropertyValueSpecification\",\"valueRequired\":true,\"valueName\":\"search_term_string\"}}],\"inLanguage\":\"fi\"},{\"@type\":\"Organization\",\"@id\":\"https:\\\/\\\/www.jindustry.fi\\\/et\\\/#organization\",\"name\":\"Jindustry Oy\",\"url\":\"https:\\\/\\\/www.jindustry.fi\\\/et\\\/\",\"logo\":{\"@type\":\"ImageObject\",\"inLanguage\":\"fi\",\"@id\":\"https:\\\/\\\/www.jindustry.fi\\\/et\\\/#\\\/schema\\\/logo\\\/image\\\/\",\"url\":\"https:\\\/\\\/www.jindustry.fi\\\/et\\\/wp-content\\\/uploads\\\/sites\\\/5\\\/2020\\\/06\\\/logo_jindustry.jpg\",\"contentUrl\":\"https:\\\/\\\/www.jindustry.fi\\\/et\\\/wp-content\\\/uploads\\\/sites\\\/5\\\/2020\\\/06\\\/logo_jindustry.jpg\",\"width\":270,\"height\":96,\"caption\":\"Jindustry Oy\"},\"image\":{\"@id\":\"https:\\\/\\\/www.jindustry.fi\\\/et\\\/#\\\/schema\\\/logo\\\/image\\\/\"}}]}<\/script>\n<!-- \/ Yoast SEO plugin. -->","yoast_head_json":{"title":"Viited - Jindustry ET","description":"Jindustry Oy pakub ettev\u00f5tetele hooldusteenust, importides varuosi ning masinaid ja seadmeid otse Kesk-Euroopast - Viited.","robots":{"index":"index","follow":"follow","max-snippet":"max-snippet:-1","max-image-preview":"max-image-preview:large","max-video-preview":"max-video-preview:-1"},"canonical":"https:\/\/www.jindustry.fi\/et\/viited\/","og_locale":"fi_FI","og_type":"article","og_title":"Viited - Jindustry ET","og_description":"Jindustry Oy pakub ettev\u00f5tetele hooldusteenust, importides varuosi ning masinaid ja seadmeid otse Kesk-Euroopast - Viited.","og_url":"https:\/\/www.jindustry.fi\/et\/viited\/","og_site_name":"Jindustry ET","article_modified_time":"2025-04-01T06:18:47+00:00","twitter_card":"summary_large_image","twitter_misc":{"Arvioitu lukuaika":"2 minuuttia"},"schema":{"@context":"https:\/\/schema.org","@graph":[{"@type":"WebPage","@id":"https:\/\/www.jindustry.fi\/et\/viited\/","url":"https:\/\/www.jindustry.fi\/et\/viited\/","name":"Viited - Jindustry ET","isPartOf":{"@id":"https:\/\/www.jindustry.fi\/et\/#website"},"datePublished":"2020-06-02T07:07:54+00:00","dateModified":"2025-04-01T06:18:47+00:00","description":"Jindustry Oy pakub ettev\u00f5tetele hooldusteenust, importides varuosi ning masinaid ja seadmeid otse Kesk-Euroopast - Viited.","breadcrumb":{"@id":"https:\/\/www.jindustry.fi\/et\/viited\/#breadcrumb"},"inLanguage":"fi","potentialAction":[{"@type":"ReadAction","target":["https:\/\/www.jindustry.fi\/et\/viited\/"]}]},{"@type":"BreadcrumbList","@id":"https:\/\/www.jindustry.fi\/et\/viited\/#breadcrumb","itemListElement":[{"@type":"ListItem","position":1,"name":"Home","item":"https:\/\/www.jindustry.fi\/et\/"},{"@type":"ListItem","position":2,"name":"Viited"}]},{"@type":"WebSite","@id":"https:\/\/www.jindustry.fi\/et\/#website","url":"https:\/\/www.jindustry.fi\/et\/","name":"Jindustry ET","description":"Teollisuuden palvelija","publisher":{"@id":"https:\/\/www.jindustry.fi\/et\/#organization"},"potentialAction":[{"@type":"SearchAction","target":{"@type":"EntryPoint","urlTemplate":"https:\/\/www.jindustry.fi\/et\/?s={search_term_string}"},"query-input":{"@type":"PropertyValueSpecification","valueRequired":true,"valueName":"search_term_string"}}],"inLanguage":"fi"},{"@type":"Organization","@id":"https:\/\/www.jindustry.fi\/et\/#organization","name":"Jindustry Oy","url":"https:\/\/www.jindustry.fi\/et\/","logo":{"@type":"ImageObject","inLanguage":"fi","@id":"https:\/\/www.jindustry.fi\/et\/#\/schema\/logo\/image\/","url":"https:\/\/www.jindustry.fi\/et\/wp-content\/uploads\/sites\/5\/2020\/06\/logo_jindustry.jpg","contentUrl":"https:\/\/www.jindustry.fi\/et\/wp-content\/uploads\/sites\/5\/2020\/06\/logo_jindustry.jpg","width":270,"height":96,"caption":"Jindustry Oy"},"image":{"@id":"https:\/\/www.jindustry.fi\/et\/#\/schema\/logo\/image\/"}}]}},"_links":{"self":[{"href":"https:\/\/www.jindustry.fi\/et\/wp-json\/wp\/v2\/pages\/80","targetHints":{"allow":["GET"]}}],"collection":[{"href":"https:\/\/www.jindustry.fi\/et\/wp-json\/wp\/v2\/pages"}],"about":[{"href":"https:\/\/www.jindustry.fi\/et\/wp-json\/wp\/v2\/types\/page"}],"author":[{"embeddable":true,"href":"https:\/\/www.jindustry.fi\/et\/wp-json\/wp\/v2\/users\/1"}],"replies":[{"embeddable":true,"href":"https:\/\/www.jindustry.fi\/et\/wp-json\/wp\/v2\/comments?post=80"}],"version-history":[{"count":20,"href":"https:\/\/www.jindustry.fi\/et\/wp-json\/wp\/v2\/pages\/80\/revisions"}],"predecessor-version":[{"id":1559,"href":"https:\/\/www.jindustry.fi\/et\/wp-json\/wp\/v2\/pages\/80\/revisions\/1559"}],"wp:attachment":[{"href":"https:\/\/www.jindustry.fi\/et\/wp-json\/wp\/v2\/media?parent=80"}],"curies":[{"name":"wp","href":"https:\/\/api.w.org\/{rel}","templated":true}]}}