{"id":218,"date":"2020-09-24T14:58:34","date_gmt":"2020-09-24T11:58:34","guid":{"rendered":"https:\/\/www.jindustry.fi\/sv\/?page_id=218"},"modified":"2025-04-23T19:09:40","modified_gmt":"2025-04-23T16:09:40","slug":"pneumatiska-luftmotorer","status":"publish","type":"page","link":"https:\/\/www.jindustry.fi\/sv\/pneumatiska-luftmotorer\/","title":{"rendered":"Pneumatiska luftmotorer"},"content":{"rendered":"<div class=\"wpb-content-wrapper\"><p>[vc_row heading_color=&#8221;dark&#8221; font_color=&#8221;#000000&#8243; padding_top=&#8221;20px&#8221; padding_bottom=&#8221;60px&#8221; margin_bottom=&#8221;0px&#8221;][vc_column width=&#8221;1\/6&#8243;][\/vc_column][vc_column width=&#8221;2\/3&#8243;][vc_row_inner][vc_column_inner][vc_column_text]<\/p>\n<h2>Pneumatiska radialkolvmotorer serie RM<\/h2>\n<p>Vi levererar en rad olika pneumatiska radialkolvmotorer. Motorerna kan anv\u00e4ndas antingen som enskilda dragmotorerna eller som navmotorer i drivhjul. Luftmotorerna l\u00e4mpar sig f\u00f6r objekt i explosionsk\u00e4nsliga eller fuktiga f\u00f6rh\u00e5llanden, och d\u00e4r el inte finns tillg\u00e4nglig. Vanligen anv\u00e4nds luftmotorer i gruv-, pappers-, livsmedels-, f\u00e4rg- och offshoreindustrin.<\/p>\n<table border=\"&quot;1&quot;\" width=\"&quot;465&quot;\" cellspacing=\"&quot;1&quot;\" cellpadding=\"&quot;1&quot;\" align=\"&quot;left&quot;\">\n<tbody>\n<tr>\n<td><strong>Motor<\/strong><\/td>\n<td><strong>Max. effekt (kW)<\/strong><\/td>\n<td><strong>Varvtal max. effekt (rmp)<\/strong><\/td>\n<td><strong>Vridmoment max. effekt (Nm)<\/strong><\/td>\n<td><strong>Min. start-moment (Nm)<\/strong><\/td>\n<td><strong>Max. st\u00e4ndigt varvtal (rpm)<\/strong><\/td>\n<td><strong>Vikt (kg)<\/strong><\/td>\n<\/tr>\n<tr>\n<td><a href=\"https:\/\/www.jindustry.fi\/sv\/wp-content\/uploads\/sites\/6\/2020\/09\/Moottori2.pdf\">\u00a0RM210<\/a><\/td>\n<td>\u00a02,8<\/td>\n<td>\u00a01.980<\/td>\n<td>\u00a014<\/td>\n<td>\u00a019<\/td>\n<td>\u00a02.400<\/td>\n<td>26<\/td>\n<\/tr>\n<tr>\n<td>\u00a0<a href=\"https:\/\/www.jindustry.fi\/sv\/wp-content\/uploads\/sites\/6\/2020\/09\/Moottori3.pdf\">RM310<\/a><\/td>\n<td>\u00a06,1<\/td>\n<td>\u00a01.800<\/td>\n<td>\u00a031<\/td>\n<td>\u00a032<\/td>\n<td>\u00a02.400<\/td>\n<td>48<\/td>\n<\/tr>\n<tr>\n<td>\u00a0<a href=\"https:\/\/www.jindustry.fi\/sv\/wp-content\/uploads\/sites\/6\/2020\/09\/Moottori4.pdf\">RM410<\/a><\/td>\n<td>\u00a010,5<\/td>\n<td>\u00a01.600<\/td>\n<td>\u00a062<\/td>\n<td>\u00a073<\/td>\n<td>\u00a02.000<\/td>\n<td>62<\/td>\n<\/tr>\n<tr>\n<td>\u00a0<a href=\"https:\/\/www.jindustry.fi\/sv\/wp-content\/uploads\/sites\/6\/2020\/09\/Moottori5.pdf\">RM510<\/a><\/td>\n<td>\u00a016,0<\/td>\n<td>\u00a01.150<\/td>\n<td>\u00a0140<\/td>\n<td>\u00a0170<\/td>\n<td>\u00a01.500<\/td>\n<td>115<\/td>\n<\/tr>\n<tr>\n<td>\u00a0<a href=\"https:\/\/www.jindustry.fi\/sv\/wp-content\/uploads\/sites\/6\/2020\/09\/Moottori6.pdf\">RM610<\/a><\/td>\n<td>\u00a022,0<\/td>\n<td>\u00a01.500<\/td>\n<td>\u00a0140<\/td>\n<td>\u00a0170<\/td>\n<td>\u00a02.000<\/td>\n<td>125<\/td>\n<\/tr>\n<\/tbody>\n<\/table>\n<p><strong>Visa de typspecifika broschyrerna genom att klicka p\u00e5 motorns typbeteckning!<\/strong><\/p>\n<p>De pneumatiska motorerna finns att f\u00e5 med f\u00f6ljande till\u00e4ggsutrustning:<\/p>\n<ul>\n<li>med kuggv\u00e4xlar<\/li>\n<li>med skruv- eller koniska kuggv\u00e4xlar med<\/li>\n<li>Globe-bromsar<\/li>\n<li>med Globe manuellt styrda eller fj\u00e4rrstyrda proportionalventiler<\/li>\n<\/ul>\n<p><strong><a href=\"https:\/\/www.jindustry.fi\/sv\/wp-content\/uploads\/sites\/6\/2020\/09\/Ilmamoottorikuvat.pdf\">Se bilder i anv\u00e4ndningstill\u00e4mpningarna!<\/a><\/strong>[\/vc_column_text][\/vc_column_inner][\/vc_row_inner][\/vc_column][vc_column width=&#8221;1\/6&#8243;][\/vc_column][\/vc_row][vc_row heading_color=&#8221;light&#8221; bg_type=&#8221;color&#8221; bg_color=&#8221;#153378&#8243; font_color=&#8221;#ffffff&#8221; padding_top=&#8221;40px&#8221; padding_bottom=&#8221;60px&#8221; margin_bottom=&#8221;0px&#8221;][vc_column width=&#8221;1\/6&#8243;][\/vc_column][vc_column width=&#8221;2\/3&#8243;][vc_column_text]<\/p>\n<h2 style=\"text-align: center;\"><strong>VI BETJ\u00c4NAR INDUSTRIN<\/strong><\/h2>\n<p style=\"text-align: center;\"><strong>Jindustry Oy st\u00f6der f\u00f6retagens underh\u00e5llsarbete genom att importera reservdelar samt maskiner och utrustning direkt fr\u00e5n Centraleuropa. Vi importerar komponenter fr\u00e5n v\u00e4rldsk\u00e4nda tillverkare genom v\u00e5rt egna ink\u00f6pskontor i Tyskland. Prisv\u00e4rda originalreservdelar, leveranss\u00e4kerhet samt ett omfattande produktsortiment \u00e4r n\u00e5gra av de f\u00f6rdelar vi erbjuder v\u00e5ra kunder.<br \/>\n<\/strong><\/p>\n<p>[\/vc_column_text][\/vc_column][vc_column width=&#8221;1\/6&#8243;][\/vc_column][\/vc_row][vc_row][vc_column]<div class=\"templatera_shortcode\"><div id=\"yhteystiedot\" class=\"grve-section\" data-section-title=\"\" data-section-type=\"fullwidth-background\" data-image-type=\"none\" data-full-height=\"no\"  style=\"color:#000000;padding-top: 40px;padding-bottom: 60px;margin-bottom: 0px;\"><div class=\"grve-row grve-bookmark\"><div class=\"wpb_column grve-column grve-bookmark grve-column-1-12\"><\/div><div class=\"wpb_column grve-column grve-bookmark grve-column-5-6\"><div class=\"grve-element grve-text\"><h2 style=\"text-align: center;\">KONTAKTUPPGIFTER<\/h2>\n<p style=\"text-align: center;\">F\u00f6rfr\u00e5gningar om offerter och best\u00e4llningar kan ocks\u00e5 skickas till <strong><a href=\"mailto:tilaukset@jindustry.fi\">tilaukset@jindustry.fi<\/a><\/strong><\/p>\n<\/div><div class=\"grve-row grve-bookmark\"><div class=\"wpb_column grve-column grve-bookmark grve-column-1-6 grve-tablet-column-1-12 grve-tablet-sm-column-1-12 grve-mobile-column-hide\"><\/div><div class=\"wpb_column grve-column grve-bookmark grve-column-1-3 grve-tablet-column-5-12 grve-tablet-sm-column-5-12\"><div class=\"grve-element grve-image custom-product-image grve-align-center\" style=\"\"><img loading=\"lazy\" decoding=\"async\" width=\"246\" height=\"246\" src=\"https:\/\/www.jindustry.fi\/sv\/wp-content\/uploads\/sites\/6\/2021\/06\/mika-lenkkeri.png\" class=\"attachment-full size-full\" alt=\"\" srcset=\"https:\/\/www.jindustry.fi\/sv\/wp-content\/uploads\/sites\/6\/2021\/06\/mika-lenkkeri.png 246w, https:\/\/www.jindustry.fi\/sv\/wp-content\/uploads\/sites\/6\/2021\/06\/mika-lenkkeri-150x150.png 150w, https:\/\/www.jindustry.fi\/sv\/wp-content\/uploads\/sites\/6\/2021\/06\/mika-lenkkeri-80x80.png 80w\" sizes=\"auto, (max-width: 246px) 100vw, 246px\" \/><\/div><div class=\"grve-element grve-text\"><p style=\"text-align: center;\"><strong>Mika Lenkkeri<br \/>\n<\/strong>Sales<strong><br \/>\n<\/strong><a href=\"mailto:mika.lenkkeri@jindustry.fi\">mika.lenkkeri@jindustry.fi<\/a><strong><br \/>\n<\/strong>Tel <a href=\"tel:+358207191022\">+358 207 191 022<\/a><\/p>\n<\/div><\/div><div class=\"wpb_column grve-column grve-bookmark grve-column-1-3 grve-tablet-column-5-12 grve-tablet-sm-column-5-12\"><div class=\"grve-element grve-image custom-product-image grve-align-center\" style=\"\"><img loading=\"lazy\" decoding=\"async\" width=\"246\" height=\"246\" src=\"https:\/\/www.jindustry.fi\/sv\/wp-content\/uploads\/sites\/6\/2022\/06\/placeholder-woman.png\" class=\"attachment-full size-full\" alt=\"\" srcset=\"https:\/\/www.jindustry.fi\/sv\/wp-content\/uploads\/sites\/6\/2022\/06\/placeholder-woman.png 246w, https:\/\/www.jindustry.fi\/sv\/wp-content\/uploads\/sites\/6\/2022\/06\/placeholder-woman-150x150.png 150w, https:\/\/www.jindustry.fi\/sv\/wp-content\/uploads\/sites\/6\/2022\/06\/placeholder-woman-80x80.png 80w\" sizes=\"auto, (max-width: 246px) 100vw, 246px\" \/><\/div><div class=\"grve-element grve-text\"><p style=\"text-align: center;\"><strong>Lotta Lenkkeri<br \/>\n<\/strong>Sales support<br \/>\n<a href=\"mailto:lotta.lenkkeri@jindustry.fi\">lotta.lenkkeri@jindustry.fi<\/a><br \/>\nTel <a href=\"tel:+358207191026\">+358 207 191 026<\/a><\/p>\n<\/div><\/div><div class=\"wpb_column grve-column grve-bookmark grve-column-1-6 grve-tablet-column-1-12 grve-tablet-sm-column-1-12 grve-mobile-column-hide\"><\/div><\/div><div class=\"grve-row grve-bookmark\"><div class=\"wpb_column grve-column grve-bookmark grve-column-1-6 grve-tablet-column-1-12 grve-tablet-sm-column-1-12\"><\/div><div class=\"wpb_column grve-column grve-bookmark grve-column-1-3 grve-tablet-column-5-12 grve-tablet-sm-column-5-12\"><div class=\"grve-element grve-image custom-product-image grve-align-center\" style=\"\"><img loading=\"lazy\" decoding=\"async\" width=\"246\" height=\"246\" src=\"https:\/\/www.jindustry.fi\/sv\/wp-content\/uploads\/sites\/6\/2022\/02\/jindustry-kubbenkatu-3.png\" class=\"attachment-full size-full\" alt=\"Jindustry Oy Kubbenkatu 3 49400 Hamina Finland\" srcset=\"https:\/\/www.jindustry.fi\/sv\/wp-content\/uploads\/sites\/6\/2022\/02\/jindustry-kubbenkatu-3.png 246w, https:\/\/www.jindustry.fi\/sv\/wp-content\/uploads\/sites\/6\/2022\/02\/jindustry-kubbenkatu-3-150x150.png 150w, https:\/\/www.jindustry.fi\/sv\/wp-content\/uploads\/sites\/6\/2022\/02\/jindustry-kubbenkatu-3-80x80.png 80w\" sizes=\"auto, (max-width: 246px) 100vw, 246px\" \/><\/div><div class=\"grve-element grve-text\"><p style=\"text-align: center;\"><strong>Jindustry Oy<\/strong><br \/>\nPL 4<br \/>\n49401 Fredrikshamn<br \/>\nFinland<br \/>\nTel. <a href=\"tel:+358207191020\">+358 207 191 020<\/a><\/p>\n<\/div><\/div><div class=\"wpb_column grve-column grve-bookmark grve-column-1-3 grve-tablet-column-5-12 grve-tablet-sm-column-5-12\"><div class=\"grve-element grve-image custom-product-image grve-align-center\" style=\"\"><img loading=\"lazy\" decoding=\"async\" width=\"246\" height=\"246\" src=\"https:\/\/www.jindustry.fi\/sv\/wp-content\/uploads\/sites\/6\/2020\/05\/jindustry-saksa.jpg\" class=\"attachment-full size-full\" alt=\"\" srcset=\"https:\/\/www.jindustry.fi\/sv\/wp-content\/uploads\/sites\/6\/2020\/05\/jindustry-saksa.jpg 246w, https:\/\/www.jindustry.fi\/sv\/wp-content\/uploads\/sites\/6\/2020\/05\/jindustry-saksa-150x150.jpg 150w, https:\/\/www.jindustry.fi\/sv\/wp-content\/uploads\/sites\/6\/2020\/05\/jindustry-saksa-80x80.jpg 80w\" sizes=\"auto, (max-width: 246px) 100vw, 246px\" \/><\/div><div class=\"grve-element grve-text\"><p style=\"text-align: center;\"><strong>Jindustry GmbH<\/strong><br \/>\nHochstadenstrasse 144<br \/>\nD-41189 M\u00f6nchengladbach<br \/>\n<a href=\"mailto:info@jindustry.de\">info@jindustry.de<\/a><br \/>\nTel. <a href=\"tel:+49 2166 950367\">+49 2166 950367<\/a><\/p>\n<\/div><\/div><div class=\"wpb_column grve-column grve-bookmark grve-column-1-6 grve-tablet-column-1-12 grve-tablet-sm-column-1-12\"><\/div><\/div><\/div><div class=\"wpb_column grve-column grve-bookmark grve-column-1-12\"><\/div> <\/div><div class=\"grve-background-wrapper\"><\/div><\/div><\/div>[\/vc_column][\/vc_row][vc_row heading_color=&#8221;light&#8221; bg_type=&#8221;color&#8221; footer_feature=&#8221;yes&#8221; bg_color=&#8221;#153378&#8243; padding_top=&#8221;40px&#8221; padding_bottom=&#8221;60px&#8221; margin_bottom=&#8221;0px&#8221; font_color=&#8221;#ffffff&#8221;][vc_column width=&#8221;1\/12&#8243;][\/vc_column][vc_column width=&#8221;5\/6&#8243;][vc_column_text]<\/p>\n<h2 style=\"text-align: center;\">KONTAKTA OSS<\/h2>\n<p style=\"text-align: center;\">Beg\u00e4r en offert eller be om mer information om v\u00e5ra produkter eller tj\u00e4nster<\/p>\n<p>[\/vc_column_text]\n<div class=\"wpcf7 no-js\" id=\"wpcf7-f5-o1\" lang=\"fi\" dir=\"ltr\" data-wpcf7-id=\"5\">\n<div class=\"screen-reader-response\"><p role=\"status\" aria-live=\"polite\" aria-atomic=\"true\"><\/p> <ul><\/ul><\/div>\n<form action=\"\/sv\/wp-json\/wp\/v2\/pages\/218#wpcf7-f5-o1\" method=\"post\" class=\"wpcf7-form init\" aria-label=\"Yhteydenottolomake\" novalidate=\"novalidate\" data-status=\"init\">\n<fieldset class=\"hidden-fields-container\"><input type=\"hidden\" name=\"_wpcf7\" value=\"5\" \/><input type=\"hidden\" name=\"_wpcf7_version\" value=\"6.1.5\" \/><input type=\"hidden\" name=\"_wpcf7_locale\" value=\"fi\" \/><input type=\"hidden\" name=\"_wpcf7_unit_tag\" value=\"wpcf7-f5-o1\" \/><input type=\"hidden\" name=\"_wpcf7_container_post\" value=\"0\" \/><input type=\"hidden\" name=\"_wpcf7_posted_data_hash\" value=\"\" \/><input type=\"hidden\" name=\"_wpcf7_recaptcha_response\" value=\"\" \/>\n<\/fieldset>\n<div class=\"custom-form-row\">\n\t<div class=\"custom-short-field\">\n\t\t<p><label><span class=\"wpcf7-form-control-wrap\" data-name=\"your-name\"><input size=\"40\" maxlength=\"400\" class=\"wpcf7-form-control wpcf7-text wpcf7-validates-as-required\" aria-required=\"true\" aria-invalid=\"false\" placeholder=\"Namn*\" value=\"\" type=\"text\" name=\"your-name\" \/><\/span> <\/label>\n\t\t<\/p>\n\t<\/div>\n\t<div class=\"custom-short-field\">\n\t\t<p><label> <span class=\"wpcf7-form-control-wrap\" data-name=\"your-email\"><input size=\"40\" maxlength=\"400\" class=\"wpcf7-form-control wpcf7-email wpcf7-validates-as-required wpcf7-text wpcf7-validates-as-email\" aria-required=\"true\" aria-invalid=\"false\" placeholder=\"E-postadress*\" value=\"\" type=\"email\" name=\"your-email\" \/><\/span> <\/label>\n\t\t<\/p>\n\t<\/div>\n\t<div class=\"custom-short-field\">\n\t\t<p><label> <span class=\"wpcf7-form-control-wrap\" data-name=\"your-phone\"><input size=\"40\" maxlength=\"400\" class=\"wpcf7-form-control wpcf7-text wpcf7-validates-as-required\" aria-required=\"true\" aria-invalid=\"false\" placeholder=\"Telefonnummer*\" value=\"\" type=\"text\" name=\"your-phone\" \/><\/span> <\/label>\n\t\t<\/p>\n\t<\/div>\n\t<div class=\"clear\">\n\t<\/div>\n<\/div>\n<div class=\"custom-full-field\">\n\t<p><label> <span class=\"wpcf7-form-control-wrap\" data-name=\"your-message\"><textarea cols=\"40\" rows=\"10\" maxlength=\"2000\" class=\"wpcf7-form-control wpcf7-textarea\" aria-invalid=\"false\" placeholder=\"Ditt meddelande\" name=\"your-message\"><\/textarea><\/span> <\/label>\n\t<\/p>\n<\/div>\n<div class=\"custom-btn-area\">\n\t<p><input class=\"wpcf7-form-control wpcf7-submit has-spinner\" type=\"submit\" value=\"SKICKA\" \/>\n\t<\/p>\n<\/div><input type='hidden' class='wpcf7-pum' value='{\"closepopup\":false,\"closedelay\":0,\"openpopup\":false,\"openpopup_id\":0}' \/><div class=\"wpcf7-response-output\" aria-hidden=\"true\"><\/div>\n<\/form>\n<\/div>\n[\/vc_column][vc_column width=&#8221;1\/12&#8243;][\/vc_column][\/vc_row]<\/p>\n<\/div>","protected":false},"excerpt":{"rendered":"Pneumatiska radialkolvmotorer serie RM Vi levererar en rad olika pneumatiska radialkolvmotorer. Motorerna kan anv\u00e4ndas antingen som enskilda dragmotorerna eller som navmotorer i drivhjul. Luftmotorerna l\u00e4mpar sig f\u00f6r objekt i explosionsk\u00e4nsliga eller fuktiga f\u00f6rh\u00e5llanden, och d\u00e4r el inte finns tillg\u00e4nglig. Vanligen anv\u00e4nds luftmotorer i gruv-, pappers-, livsmedels-, f\u00e4rg- och offshoreindustrin. Motor Max. effekt (kW) Varvtal max. [...]","protected":false},"author":1,"featured_media":0,"parent":0,"menu_order":880,"comment_status":"closed","ping_status":"closed","template":"","meta":{"_improvement_type_select":"improve_an_existing","_thumb_yes_seoaic":false,"_frame_yes_seoaic":false,"seoaic_generate_description":"","seoaic_improve_instructions_prompt":"","seoaic_rollback_content_improvement":"","seoaic_idea_thumbnail_generator":"","thumbnail_generated":false,"thumbnail_generate_prompt":"","seoaic_article_description":"","footnotes":""},"class_list":["post-218","page","type-page","status-publish","hentry"],"yoast_head":"<!-- This site is optimized with the Yoast SEO plugin v27.3 - https:\/\/yoast.com\/product\/yoast-seo-wordpress\/ -->\n<title>Pneumatiska luftmotorer - Jindustry SV<\/title>\n<meta name=\"description\" content=\"Pneumatiska luftmotorer - Vi levererar en rad olika pneumatiska radialkolvmotorer: Armak, Deprag, Fenner Globe, Ingersoll Rand osv. L\u00e4s mer!\" \/>\n<meta name=\"robots\" content=\"index, follow, max-snippet:-1, max-image-preview:large, max-video-preview:-1\" \/>\n<link rel=\"canonical\" href=\"https:\/\/www.jindustry.fi\/sv\/pneumatiska-luftmotorer\/\" \/>\n<meta property=\"og:locale\" content=\"fi_FI\" \/>\n<meta property=\"og:type\" content=\"article\" \/>\n<meta property=\"og:title\" content=\"Pneumatiska luftmotorer - Jindustry SV\" \/>\n<meta property=\"og:description\" content=\"Pneumatiska luftmotorer - Vi levererar en rad olika pneumatiska radialkolvmotorer: Armak, Deprag, Fenner Globe, Ingersoll Rand osv. L\u00e4s mer!\" \/>\n<meta property=\"og:url\" content=\"https:\/\/www.jindustry.fi\/sv\/pneumatiska-luftmotorer\/\" \/>\n<meta property=\"og:site_name\" content=\"Jindustry SV\" \/>\n<meta property=\"article:modified_time\" content=\"2025-04-23T16:09:40+00:00\" \/>\n<meta name=\"twitter:card\" content=\"summary_large_image\" \/>\n<meta name=\"twitter:label1\" content=\"Arvioitu lukuaika\" \/>\n\t<meta name=\"twitter:data1\" content=\"3 minuuttia\" \/>\n<script type=\"application\/ld+json\" class=\"yoast-schema-graph\">{\"@context\":\"https:\\\/\\\/schema.org\",\"@graph\":[{\"@type\":\"WebPage\",\"@id\":\"https:\\\/\\\/www.jindustry.fi\\\/sv\\\/pneumatiska-luftmotorer\\\/\",\"url\":\"https:\\\/\\\/www.jindustry.fi\\\/sv\\\/pneumatiska-luftmotorer\\\/\",\"name\":\"Pneumatiska luftmotorer - Jindustry SV\",\"isPartOf\":{\"@id\":\"https:\\\/\\\/www.jindustry.fi\\\/sv\\\/#website\"},\"datePublished\":\"2020-09-24T11:58:34+00:00\",\"dateModified\":\"2025-04-23T16:09:40+00:00\",\"description\":\"Pneumatiska luftmotorer - Vi levererar en rad olika pneumatiska radialkolvmotorer: Armak, Deprag, Fenner Globe, Ingersoll Rand osv. L\u00e4s mer!\",\"breadcrumb\":{\"@id\":\"https:\\\/\\\/www.jindustry.fi\\\/sv\\\/pneumatiska-luftmotorer\\\/#breadcrumb\"},\"inLanguage\":\"fi\",\"potentialAction\":[{\"@type\":\"ReadAction\",\"target\":[\"https:\\\/\\\/www.jindustry.fi\\\/sv\\\/pneumatiska-luftmotorer\\\/\"]}]},{\"@type\":\"BreadcrumbList\",\"@id\":\"https:\\\/\\\/www.jindustry.fi\\\/sv\\\/pneumatiska-luftmotorer\\\/#breadcrumb\",\"itemListElement\":[{\"@type\":\"ListItem\",\"position\":1,\"name\":\"Home\",\"item\":\"https:\\\/\\\/www.jindustry.fi\\\/sv\\\/\"},{\"@type\":\"ListItem\",\"position\":2,\"name\":\"Pneumatiska luftmotorer\"}]},{\"@type\":\"WebSite\",\"@id\":\"https:\\\/\\\/www.jindustry.fi\\\/sv\\\/#website\",\"url\":\"https:\\\/\\\/www.jindustry.fi\\\/sv\\\/\",\"name\":\"Jindustry SV\",\"description\":\"Teollisuuden palvelija\",\"publisher\":{\"@id\":\"https:\\\/\\\/www.jindustry.fi\\\/sv\\\/#organization\"},\"potentialAction\":[{\"@type\":\"SearchAction\",\"target\":{\"@type\":\"EntryPoint\",\"urlTemplate\":\"https:\\\/\\\/www.jindustry.fi\\\/sv\\\/?s={search_term_string}\"},\"query-input\":{\"@type\":\"PropertyValueSpecification\",\"valueRequired\":true,\"valueName\":\"search_term_string\"}}],\"inLanguage\":\"fi\"},{\"@type\":\"Organization\",\"@id\":\"https:\\\/\\\/www.jindustry.fi\\\/sv\\\/#organization\",\"name\":\"Jindustry Oy\",\"url\":\"https:\\\/\\\/www.jindustry.fi\\\/sv\\\/\",\"logo\":{\"@type\":\"ImageObject\",\"inLanguage\":\"fi\",\"@id\":\"https:\\\/\\\/www.jindustry.fi\\\/sv\\\/#\\\/schema\\\/logo\\\/image\\\/\",\"url\":\"https:\\\/\\\/www.jindustry.fi\\\/sv\\\/wp-content\\\/uploads\\\/sites\\\/6\\\/2020\\\/06\\\/logo_jindustry.jpg\",\"contentUrl\":\"https:\\\/\\\/www.jindustry.fi\\\/sv\\\/wp-content\\\/uploads\\\/sites\\\/6\\\/2020\\\/06\\\/logo_jindustry.jpg\",\"width\":270,\"height\":96,\"caption\":\"Jindustry Oy\"},\"image\":{\"@id\":\"https:\\\/\\\/www.jindustry.fi\\\/sv\\\/#\\\/schema\\\/logo\\\/image\\\/\"}}]}<\/script>\n<!-- \/ Yoast SEO plugin. -->","yoast_head_json":{"title":"Pneumatiska luftmotorer - Jindustry SV","description":"Pneumatiska luftmotorer - Vi levererar en rad olika pneumatiska radialkolvmotorer: Armak, Deprag, Fenner Globe, Ingersoll Rand osv. L\u00e4s mer!","robots":{"index":"index","follow":"follow","max-snippet":"max-snippet:-1","max-image-preview":"max-image-preview:large","max-video-preview":"max-video-preview:-1"},"canonical":"https:\/\/www.jindustry.fi\/sv\/pneumatiska-luftmotorer\/","og_locale":"fi_FI","og_type":"article","og_title":"Pneumatiska luftmotorer - Jindustry SV","og_description":"Pneumatiska luftmotorer - Vi levererar en rad olika pneumatiska radialkolvmotorer: Armak, Deprag, Fenner Globe, Ingersoll Rand osv. L\u00e4s mer!","og_url":"https:\/\/www.jindustry.fi\/sv\/pneumatiska-luftmotorer\/","og_site_name":"Jindustry SV","article_modified_time":"2025-04-23T16:09:40+00:00","twitter_card":"summary_large_image","twitter_misc":{"Arvioitu lukuaika":"3 minuuttia"},"schema":{"@context":"https:\/\/schema.org","@graph":[{"@type":"WebPage","@id":"https:\/\/www.jindustry.fi\/sv\/pneumatiska-luftmotorer\/","url":"https:\/\/www.jindustry.fi\/sv\/pneumatiska-luftmotorer\/","name":"Pneumatiska luftmotorer - Jindustry SV","isPartOf":{"@id":"https:\/\/www.jindustry.fi\/sv\/#website"},"datePublished":"2020-09-24T11:58:34+00:00","dateModified":"2025-04-23T16:09:40+00:00","description":"Pneumatiska luftmotorer - Vi levererar en rad olika pneumatiska radialkolvmotorer: Armak, Deprag, Fenner Globe, Ingersoll Rand osv. L\u00e4s mer!","breadcrumb":{"@id":"https:\/\/www.jindustry.fi\/sv\/pneumatiska-luftmotorer\/#breadcrumb"},"inLanguage":"fi","potentialAction":[{"@type":"ReadAction","target":["https:\/\/www.jindustry.fi\/sv\/pneumatiska-luftmotorer\/"]}]},{"@type":"BreadcrumbList","@id":"https:\/\/www.jindustry.fi\/sv\/pneumatiska-luftmotorer\/#breadcrumb","itemListElement":[{"@type":"ListItem","position":1,"name":"Home","item":"https:\/\/www.jindustry.fi\/sv\/"},{"@type":"ListItem","position":2,"name":"Pneumatiska luftmotorer"}]},{"@type":"WebSite","@id":"https:\/\/www.jindustry.fi\/sv\/#website","url":"https:\/\/www.jindustry.fi\/sv\/","name":"Jindustry SV","description":"Teollisuuden palvelija","publisher":{"@id":"https:\/\/www.jindustry.fi\/sv\/#organization"},"potentialAction":[{"@type":"SearchAction","target":{"@type":"EntryPoint","urlTemplate":"https:\/\/www.jindustry.fi\/sv\/?s={search_term_string}"},"query-input":{"@type":"PropertyValueSpecification","valueRequired":true,"valueName":"search_term_string"}}],"inLanguage":"fi"},{"@type":"Organization","@id":"https:\/\/www.jindustry.fi\/sv\/#organization","name":"Jindustry Oy","url":"https:\/\/www.jindustry.fi\/sv\/","logo":{"@type":"ImageObject","inLanguage":"fi","@id":"https:\/\/www.jindustry.fi\/sv\/#\/schema\/logo\/image\/","url":"https:\/\/www.jindustry.fi\/sv\/wp-content\/uploads\/sites\/6\/2020\/06\/logo_jindustry.jpg","contentUrl":"https:\/\/www.jindustry.fi\/sv\/wp-content\/uploads\/sites\/6\/2020\/06\/logo_jindustry.jpg","width":270,"height":96,"caption":"Jindustry Oy"},"image":{"@id":"https:\/\/www.jindustry.fi\/sv\/#\/schema\/logo\/image\/"}}]}},"_links":{"self":[{"href":"https:\/\/www.jindustry.fi\/sv\/wp-json\/wp\/v2\/pages\/218","targetHints":{"allow":["GET"]}}],"collection":[{"href":"https:\/\/www.jindustry.fi\/sv\/wp-json\/wp\/v2\/pages"}],"about":[{"href":"https:\/\/www.jindustry.fi\/sv\/wp-json\/wp\/v2\/types\/page"}],"author":[{"embeddable":true,"href":"https:\/\/www.jindustry.fi\/sv\/wp-json\/wp\/v2\/users\/1"}],"replies":[{"embeddable":true,"href":"https:\/\/www.jindustry.fi\/sv\/wp-json\/wp\/v2\/comments?post=218"}],"version-history":[{"count":14,"href":"https:\/\/www.jindustry.fi\/sv\/wp-json\/wp\/v2\/pages\/218\/revisions"}],"predecessor-version":[{"id":1575,"href":"https:\/\/www.jindustry.fi\/sv\/wp-json\/wp\/v2\/pages\/218\/revisions\/1575"}],"wp:attachment":[{"href":"https:\/\/www.jindustry.fi\/sv\/wp-json\/wp\/v2\/media?parent=218"}],"curies":[{"name":"wp","href":"https:\/\/api.w.org\/{rel}","templated":true}]}}